{"id":209,"date":"2015-10-11T10:30:16","date_gmt":"2015-10-11T10:30:16","guid":{"rendered":"http:\/\/aide.myprowin.com\/guide\/?page_id=209"},"modified":"2015-10-11T10:30:16","modified_gmt":"2015-10-11T10:30:16","slug":"accueil","status":"publish","type":"page","link":"https:\/\/aide.myprowin.com\/guide\/","title":{"rendered":"Accueil"},"content":{"rendered":"<h3>Propri\u00e9t\u00e9 &amp; Usage<\/h3>\n<p style=\"text-align: justify;\">Ce logiciel et sa documentation sont prot\u00e9g\u00e9s par le Code de la Propri\u00e9t\u00e9 Intellectuelle, les lois relatives au copyright et les trait\u00e9s internationaux applicables. Toute utilisation non conforme du logiciel, et notamment toute reproduction ou distribution partielle ou totale du logiciel ou toute utilisation au del\u00e0 des droits acquis sur le logiciel est strictement interdite.<\/p>\n<p style=\"text-align: justify;\">Toute personne ne respectant pas ces dispositions se rendra coupable de d\u00e9lit de contrefa\u00e7on et sera passible des peines p\u00e9nales pr\u00e9vues par la loi.<\/p>\n<p style=\"text-align: justify;\">Tous les noms de produits ou de soci\u00e9t\u00e9s, toute image, logo ou repr\u00e9sentation visuelle mentionn\u00e9s dans ce logiciel ou sa documentation et n\u2019appartenant pas, \u00e0\u00a0l&rsquo;\u00e9diteur de MyProWin,\u00a0peuvent constituer des marques d\u00e9pos\u00e9es par leurs propri\u00e9taires respectifs.<\/p>\n<h3 style=\"text-align: justify;\">Conformit\u00e9 &amp; Mise en garde<\/h3>\n<p style=\"text-align: justify;\">Compte tenu des contraintes inh\u00e9rentes \u00e0 la pr\u00e9sentation sous forme de manuel \u00e9lectronique, les sp\u00e9cifications vis\u00e9es dans la pr\u00e9sente documentation constituent une illustration aussi proche que possible des sp\u00e9cifications.<\/p>\n<p>Il appartient au client, parall\u00e8lement \u00e0 la\u00a0 documentation, de mettre en oeuvre le progiciel pour permettre de mesurer exactement l\u2019ad\u00e9quation de ses besoins aux fonctionnalit\u00e9s.<\/p>\n<p style=\"text-align: justify;\">Il est important, pour une utilisation s\u00fbre et op\u00e9rationnelle du progiciel, de lire pr\u00e9alablement la documentation.<\/p>\n<h3>Evolution<\/h3>\n<p style=\"text-align: justify;\">La documentation correspond \u00e0 la version r\u00e9f\u00e9renc\u00e9e. Entre deux versions, des mises \u00e0 jour du logiciel peuvent \u00eatre op\u00e9r\u00e9es sans modification de la documentation. Toutefois, un additif peut \u00eatre joint \u00e0 la documentation existante pour pr\u00e9senter les modifications et am\u00e9liorations apport\u00e9es \u00e0 ces\u00a0mises \u00e0 jour.<\/p>\n","protected":false},"excerpt":{"rendered":"<p>Propri\u00e9t\u00e9 &amp; Usage Ce logiciel et sa documentation sont prot\u00e9g\u00e9s par le Code de la Propri\u00e9t\u00e9 Intellectuelle, les lois relatives au copyright et les trait\u00e9s internationaux applicables. Toute utilisation non conforme du logiciel, et notamment toute reproduction ou distribution partielle ou totale du logiciel ou toute utilisation au del\u00e0 des droits acquis sur le logiciel &hellip; <a href=\"https:\/\/aide.myprowin.com\/guide\/\" class=\"more-link\">Continuer la lecture de <span class=\"screen-reader-text\">Accueil<\/span>  <span class=\"meta-nav\">&rarr;<\/span><\/a><\/p>\n","protected":false},"author":1,"featured_media":0,"parent":0,"menu_order":0,"comment_status":"closed","ping_status":"closed","template":"","meta":{"footnotes":""},"class_list":["post-209","page","type-page","status-publish","hentry"],"_links":{"self":[{"href":"https:\/\/aide.myprowin.com\/guide\/wp-json\/wp\/v2\/pages\/209","targetHints":{"allow":["GET"]}}],"collection":[{"href":"https:\/\/aide.myprowin.com\/guide\/wp-json\/wp\/v2\/pages"}],"about":[{"href":"https:\/\/aide.myprowin.com\/guide\/wp-json\/wp\/v2\/types\/page"}],"author":[{"embeddable":true,"href":"https:\/\/aide.myprowin.com\/guide\/wp-json\/wp\/v2\/users\/1"}],"replies":[{"embeddable":true,"href":"https:\/\/aide.myprowin.com\/guide\/wp-json\/wp\/v2\/comments?post=209"}],"version-history":[{"count":2,"href":"https:\/\/aide.myprowin.com\/guide\/wp-json\/wp\/v2\/pages\/209\/revisions"}],"predecessor-version":[{"id":211,"href":"https:\/\/aide.myprowin.com\/guide\/wp-json\/wp\/v2\/pages\/209\/revisions\/211"}],"wp:attachment":[{"href":"https:\/\/aide.myprowin.com\/guide\/wp-json\/wp\/v2\/media?parent=209"}],"curies":[{"name":"wp","href":"https:\/\/api.w.org\/{rel}","templated":true}]}}