{"id":267,"date":"2015-10-18T14:37:14","date_gmt":"2015-10-18T14:37:14","guid":{"rendered":"http:\/\/aide.myprowin.com\/guide\/?page_id=267"},"modified":"2015-11-11T12:09:07","modified_gmt":"2015-11-11T12:09:07","slug":"pour-bien-debuter","status":"publish","type":"page","link":"https:\/\/aide.myprowin.com\/guide\/pour-bien-debuter\/","title":{"rendered":"Pour bien d\u00e9buter"},"content":{"rendered":"<p style=\"text-align: justify;\">MyProWin est une solution unique qui vous aidera \u00e0 g\u00e9rer chaque aspect de votre activit\u00e9 proWIN. Pr\u00e9alablement, nous allons pour bien d\u00e9buter votre exp\u00e9rience, prendre connaissance de l\u2019environnement graphique ainsi que de la logique d\u2019utilisation qui en d\u00e9coule.<\/p>\n<p style=\"text-align: justify;\">L\u2019application est construite sur une ergonomie r\u00e9p\u00e9titive, plus pr\u00e9cis\u00e9ment, les diff\u00e9rentes fen\u00eatres qui composent le logiciel sont visuellement tr\u00e8s proches les unes des autres. Votre navigation et votre compr\u00e9hension en sont ainsi grandement facilit\u00e9es. Certaines fonctions particuli\u00e8res agr\u00e9mentent les fen\u00eatres.<\/p>\n<p style=\"text-align: justify;\">La ma\u00eetrise de la charte graphique est une notion essentielle pour votre assimilation du produit.<\/p>\n<p style=\"text-align: justify;\">D\u00e9couvrons maintenant, ensemble, les principaux \u00e9l\u00e9ments que vous retrouverez :<\/p>\n<ul>\n<li><a href=\"http:\/\/aide.myprowin.com\/guide\/icone\/\">L&rsquo;ic\u00f4ne<\/a><\/li>\n<li><a href=\"http:\/\/aide.myprowin.com\/guide\/le-bouton\/\">Le bouton<\/a><\/li>\n<li><a href=\"http:\/\/aide.myprowin.com\/guide\/barre-dactions\/\">La barre d&rsquo;actions<\/a><\/li>\n<li><a href=\"http:\/\/aide.myprowin.com\/guide\/menu-contextuel\/\">Le menu contextuel<\/a><\/li>\n<li><a href=\"http:\/\/aide.myprowin.com\/guide\/laccelerateur\/\">L&rsquo;acc\u00e9l\u00e9rateur<\/a><\/li>\n<li><a href=\"http:\/\/aide.myprowin.com\/guide\/longlet\/\">L&rsquo;onglet<\/a><\/li>\n<li><a href=\"http:\/\/aide.myprowin.com\/guide\/le-champ-de-saisie\/\">Le champ de saisie<\/a><\/li>\n<li><a href=\"http:\/\/aide.myprowin.com\/guide\/barre-detat\/\">La barre d&rsquo;\u00e9tat<\/a><\/li>\n<li><a href=\"http:\/\/aide.myprowin.com\/guide\/la-fenetre-liste\/\">La fen\u00eatre liste<\/a><\/li>\n<li><a href=\"http:\/\/aide.myprowin.com\/guide\/la-fenetre-liste-de-selection\/\">La fen\u00eatre liste de s\u00e9lection<\/a><\/li>\n<li><a href=\"http:\/\/aide.myprowin.com\/guide\/la-fenetre-fiche\/\">La fen\u00eatre fiche<\/a><\/li>\n<\/ul>\n<p>&nbsp;<\/p>\n<p>Avant tout autre chose, la premi\u00e8re fonctionnalit\u00e9 \u00e0 conna\u00eetre est la <a href=\"http:\/\/aide.myprowin.com\/guide\/sauvegarder-vos-donnees\/\">sauvegarde de vos donn\u00e9es<\/a>.<\/p>\n","protected":false},"excerpt":{"rendered":"<p>MyProWin est une solution unique qui vous aidera \u00e0 g\u00e9rer chaque aspect de votre activit\u00e9 proWIN. Pr\u00e9alablement, nous allons pour bien d\u00e9buter votre exp\u00e9rience, prendre connaissance de l\u2019environnement graphique ainsi que de la logique d\u2019utilisation qui en d\u00e9coule. L\u2019application est construite sur une ergonomie r\u00e9p\u00e9titive, plus pr\u00e9cis\u00e9ment, les diff\u00e9rentes fen\u00eatres qui composent le logiciel sont &hellip; <a href=\"https:\/\/aide.myprowin.com\/guide\/pour-bien-debuter\/\" class=\"more-link\">Continuer la lecture de <span class=\"screen-reader-text\">Pour bien d\u00e9buter<\/span>  <span class=\"meta-nav\">&rarr;<\/span><\/a><\/p>\n","protected":false},"author":1,"featured_media":0,"parent":0,"menu_order":0,"comment_status":"closed","ping_status":"closed","template":"","meta":{"footnotes":""},"class_list":["post-267","page","type-page","status-publish","hentry"],"_links":{"self":[{"href":"https:\/\/aide.myprowin.com\/guide\/wp-json\/wp\/v2\/pages\/267","targetHints":{"allow":["GET"]}}],"collection":[{"href":"https:\/\/aide.myprowin.com\/guide\/wp-json\/wp\/v2\/pages"}],"about":[{"href":"https:\/\/aide.myprowin.com\/guide\/wp-json\/wp\/v2\/types\/page"}],"author":[{"embeddable":true,"href":"https:\/\/aide.myprowin.com\/guide\/wp-json\/wp\/v2\/users\/1"}],"replies":[{"embeddable":true,"href":"https:\/\/aide.myprowin.com\/guide\/wp-json\/wp\/v2\/comments?post=267"}],"version-history":[{"count":27,"href":"https:\/\/aide.myprowin.com\/guide\/wp-json\/wp\/v2\/pages\/267\/revisions"}],"predecessor-version":[{"id":520,"href":"https:\/\/aide.myprowin.com\/guide\/wp-json\/wp\/v2\/pages\/267\/revisions\/520"}],"wp:attachment":[{"href":"https:\/\/aide.myprowin.com\/guide\/wp-json\/wp\/v2\/media?parent=267"}],"curies":[{"name":"wp","href":"https:\/\/api.w.org\/{rel}","templated":true}]}}