{"id":534,"date":"2015-11-11T17:19:03","date_gmt":"2015-11-11T17:19:03","guid":{"rendered":"http:\/\/aide.myprowin.com\/guide\/?page_id=534"},"modified":"2016-07-24T09:19:30","modified_gmt":"2016-07-24T09:19:30","slug":"questions-frequentes","status":"publish","type":"page","link":"https:\/\/aide.myprowin.com\/guide\/questions-frequentes\/","title":{"rendered":"Questions fr\u00e9quentes"},"content":{"rendered":"<p>&nbsp;<\/p>\n<p>L&rsquo;application m&rsquo;affiche un message \u00ab\u00a0<em>Une erreur est survenue&#8230;. Vous devez r\u00e9indexer votre fichier\u00a0\u00bb,<\/em> que dois-je faire ? <a href=\"http:\/\/aide.myprowin.com\/guide\/erreur-vous-devez-reindexer\/\">Voir la r\u00e9ponse en cliquant ici<\/a>.<\/p>\n<p>Je change de machine, comment ne pas perdre toutes mes donn\u00e9es ? <a href=\"http:\/\/aide.myprowin.com\/guide\/transfert-de-machine-a-machine\/\">Voir la r\u00e9ponse en cliquant ici<\/a>.<\/p>\n<p>Je ne trouve pas un article au catalogue, pourquoi ? <a href=\"http:\/\/aide.myprowin.com\/guide\/un-article-est-manquant-malgre-une-mise-a-jour\/\">Voir la r\u00e9ponse en cliquant ici<\/a><\/p>\n<p>Quelles sont les conditions pour travailler sur un MacBook ou iMac ? <a href=\"http:\/\/aide.myprowin.com\/guide\/conditions-pour-travailler-sur-un-mac\/\">Voir la r\u00e9ponse en cliquant ici<\/a><\/p>\n<p>&nbsp;<\/p>\n","protected":false},"excerpt":{"rendered":"<p>&nbsp; L&rsquo;application m&rsquo;affiche un message \u00ab\u00a0Une erreur est survenue&#8230;. Vous devez r\u00e9indexer votre fichier\u00a0\u00bb, que dois-je faire ? Voir la r\u00e9ponse en cliquant ici. Je change de machine, comment ne pas perdre toutes mes donn\u00e9es ? Voir la r\u00e9ponse en cliquant ici. Je ne trouve pas un article au catalogue, pourquoi ? Voir la r\u00e9ponse &hellip; <a href=\"https:\/\/aide.myprowin.com\/guide\/questions-frequentes\/\" class=\"more-link\">Continuer la lecture de <span class=\"screen-reader-text\">Questions fr\u00e9quentes<\/span>  <span class=\"meta-nav\">&rarr;<\/span><\/a><\/p>\n","protected":false},"author":1,"featured_media":0,"parent":0,"menu_order":0,"comment_status":"closed","ping_status":"closed","template":"","meta":{"footnotes":""},"class_list":["post-534","page","type-page","status-publish","hentry"],"_links":{"self":[{"href":"https:\/\/aide.myprowin.com\/guide\/wp-json\/wp\/v2\/pages\/534","targetHints":{"allow":["GET"]}}],"collection":[{"href":"https:\/\/aide.myprowin.com\/guide\/wp-json\/wp\/v2\/pages"}],"about":[{"href":"https:\/\/aide.myprowin.com\/guide\/wp-json\/wp\/v2\/types\/page"}],"author":[{"embeddable":true,"href":"https:\/\/aide.myprowin.com\/guide\/wp-json\/wp\/v2\/users\/1"}],"replies":[{"embeddable":true,"href":"https:\/\/aide.myprowin.com\/guide\/wp-json\/wp\/v2\/comments?post=534"}],"version-history":[{"count":13,"href":"https:\/\/aide.myprowin.com\/guide\/wp-json\/wp\/v2\/pages\/534\/revisions"}],"predecessor-version":[{"id":780,"href":"https:\/\/aide.myprowin.com\/guide\/wp-json\/wp\/v2\/pages\/534\/revisions\/780"}],"wp:attachment":[{"href":"https:\/\/aide.myprowin.com\/guide\/wp-json\/wp\/v2\/media?parent=534"}],"curies":[{"name":"wp","href":"https:\/\/api.w.org\/{rel}","templated":true}]}}