{"id":953,"date":"2017-09-03T10:10:16","date_gmt":"2017-09-03T10:10:16","guid":{"rendered":"https:\/\/aide.myprowin.com\/guide\/?page_id=953"},"modified":"2020-03-28T13:22:05","modified_gmt":"2020-03-28T13:22:05","slug":"formation","status":"publish","type":"page","link":"https:\/\/aide.myprowin.com\/guide\/formation\/","title":{"rendered":"Formation"},"content":{"rendered":"<h3>Vid\u00e9os<\/h3>\n<h4>Application<\/h4>\n<ul style=\"list-style-type: circle;\">\n<li><a href=\"https:\/\/aide.myprowin.com\/guide\/video-dinstallation\/\">T\u00e9l\u00e9chargement et installation de l&rsquo;application<\/a><\/li>\n<li><a href=\"https:\/\/aide.myprowin.com\/guide\/lancement\/\">Lancement de l&rsquo;application<\/a><\/li>\n<li><a href=\"https:\/\/aide.myprowin.com\/guide\/mise-a-jour-de-lapplicatoin\/\">Mise \u00e0 jour<\/a><\/li>\n<\/ul>\n<h4>Base de donn\u00e9es<\/h4>\n<ul style=\"list-style-type: circle;\">\n<li><a href=\"https:\/\/aide.myprowin.com\/guide\/sauvegarde-de-la-base-de-donnees\/\">Sauvegarde des donn\u00e9es \u00e0 partir de <em>Mes outils<\/em><\/a><\/li>\n<li><a href=\"https:\/\/aide.myprowin.com\/guide\/sauvegarde-de-la-base-de-donnees-en-quittant-lapplication\/\">Sauvegarde des donn\u00e9es en quittant l&rsquo;application<\/a><\/li>\n<li><a href=\"https:\/\/aide.myprowin.com\/guide\/optimisation-de-la-base-de-donnees\/\">Optimisation de la base de donn\u00e9es<\/a><\/li>\n<\/ul>\n<h4>Clients &#8211; contacts<\/h4>\n<ul style=\"list-style-type: circle;\">\n<li><a href=\"https:\/\/aide.myprowin.com\/guide\/creation-dun-client\/\">Cr\u00e9ation d&rsquo;un client<\/a><\/li>\n<li><a href=\"https:\/\/aide.myprowin.com\/guide\/coordonnees-complementaires-dun-contact\/\">\u00a0Ajout de donn\u00e9es compl\u00e9mentaires \u00e0 un contact<\/a><\/li>\n<li>\u00a0<a href=\"https:\/\/aide.myprowin.com\/guide\/creation-dun-client-lors-de-la-saisie-de-la-commande\/\">Cr\u00e9ation d&rsquo;un client lors de la saisie de la commande<\/a><\/li>\n<li><a href=\"https:\/\/aide.myprowin.com\/guide\/creation-dun-client-suivie-de-la-creation-de-sa-commande\/\">Cr\u00e9ation d&rsquo;un client suivie de la cr\u00e9ation de sa commande<\/a><\/li>\n<li><a href=\"https:\/\/aide.myprowin.com\/guide\/creation-dune-commande-a-partir-dun-client\/\">Cr\u00e9ation d&rsquo;une commande \u00e0 partir du client<\/a><\/li>\n<li><a href=\"https:\/\/aide.myprowin.com\/guide\/creation-dans-mon-agenda-dun-rendez-vous-demo-a-partir-du-contact\/\">Cr\u00e9ation dans mon agenda d&rsquo;un rendez-vous pour une d\u00e9mo<\/a><\/li>\n<li><a href=\"https:\/\/aide.myprowin.com\/guide\/demandes-et-souhaites-des-contacts\/\">Demandes et souhaits des contacts<\/a><\/li>\n<li><a href=\"https:\/\/aide.myprowin.com\/guide\/enregistrer-la-date-danniversaire-dun-contact-dans-lagenda\/\">Enregistrer la date d&rsquo;anniversaire dans mon agenda<\/a><\/li>\n<li><a href=\"https:\/\/aide.myprowin.com\/guide\/envoi-dun-e-mail\/\">Envoi d&rsquo;un e-mail unique<\/a><\/li>\n<li><a href=\"https:\/\/aide.myprowin.com\/guide\/envoi-dun-mail-a-plusieurs-destinataires\/\">Envoi d&rsquo;un e-mail \u00e0 plusieurs destinataires<\/a><\/li>\n<li><a href=\"https:\/\/aide.myprowin.com\/guide\/extraire-les-adresses-electroniques\/\">Extraire les adresses \u00e9lectroniques et envoi avec une application externe<\/a><\/li>\n<li><a href=\"https:\/\/aide.myprowin.com\/guide\/acces-direct-aux-pieces-dun-client\/\">Acc\u00e8s direct aux pi\u00e8ces d&rsquo;un client<\/a><\/li>\n<li><a href=\"https:\/\/aide.myprowin.com\/guide\/acces-direct-aux-articles-achetes-par-un-client\/\">Conna\u00eetre les articles achet\u00e9s par un client<\/a><\/li>\n<li><a href=\"https:\/\/aide.myprowin.com\/guide\/reduire-ne-pas-reduire-la-hauteur-des-lignes-dans-mes-contacts\/\">R\u00e9duire\/Ne pas r\u00e9duire la hauteur des lignes dans la liste<\/a><\/li>\n<li><a href=\"https:\/\/aide.myprowin.com\/guide\/statistiques-clients\/\">Statistiques d&rsquo;un ou plusieurs clients<\/a><\/li>\n<li>\u00a0<a href=\"https:\/\/aide.myprowin.com\/guide\/nettoyage-des-donnees-personnelles-rgpd\/\">Nettoyage des donn\u00e9es personnelles obsol\u00e8tes (RGPD)<\/a><\/li>\n<\/ul>\n<h4>Pi\u00e8ces clients<\/h4>\n<ul style=\"list-style-type: circle;\">\n<li><a href=\"https:\/\/aide.myprowin.com\/guide\/creation-dune-commande-a-partir-de-mes-pieces-clients\/\">Cr\u00e9ation d&rsquo;une commande<\/a><\/li>\n<li><a href=\"https:\/\/aide.myprowin.com\/guide\/transformation-dune-commande-en-facture\/\">Transformation d&rsquo;une commande en facture<\/a><\/li>\n<\/ul>\n<h4>Pi\u00e8ce<\/h4>\n<ul style=\"list-style-type: circle;\">\n<li><a href=\"https:\/\/aide.myprowin.com\/guide\/supprimer-une-ligne-dune-piece\/\">Suppression d&rsquo;une ligne\u00a0<\/a><\/li>\n<li><a href=\"https:\/\/aide.myprowin.com\/guide\/modification-du-texte-dune-ligne\/\">Modification\/Mise en forme du texte d&rsquo;une ligne<\/a><\/li>\n<li><a href=\"https:\/\/aide.myprowin.com\/guide\/modification-de-larticle-sur-une-ligne\/\">Modification de l&rsquo;article sur une ligne<\/a><\/li>\n<li><a href=\"https:\/\/aide.myprowin.com\/guide\/modification-des-valeurs-numeriques-sur-une-piece\/\">Modification des valeurs num\u00e9riques d&rsquo;une pi\u00e8ce<\/a><\/li>\n<\/ul>\n<h4>Carte de fid\u00e9lit\u00e9<\/h4>\n<ul style=\"list-style-type: circle;\">\n<li><a href=\"https:\/\/aide.myprowin.com\/guide\/creation-dune-carte-de-fidelite-a-partir-dune-commande\/\">Cr\u00e9ation d&rsquo;une carte de fid\u00e9lit\u00e9 \u00e0 partir de la commande<\/a><\/li>\n<li><a href=\"https:\/\/aide.myprowin.com\/guide\/traitement-dune-carte-de-fidelite-pleine\/\">Traitement d&rsquo;une carte de fid\u00e9lit\u00e9 pleine<\/a><\/li>\n<\/ul>\n<h4>Articles<\/h4>\n<ul style=\"list-style-type: circle;\">\n<li><a href=\"https:\/\/aide.myprowin.com\/guide\/mise-a-jour-des-articles\/\">Mise \u00e0 jour automatique des articles<\/a><\/li>\n<li><a href=\"https:\/\/aide.myprowin.com\/guide\/mise-a-jour-des-articles-a-partir-de-la-fenetre-mes-articles\/\">Mise \u00e0 jour des articles par la <strong><em>fen\u00eatre Mes articles<\/em><\/strong><\/a><\/li>\n<li><a href=\"https:\/\/aide.myprowin.com\/guide\/articles-a-commander\/\">Articles \u00e0 commander chez proWIN<\/a><\/li>\n<li><a href=\"https:\/\/aide.myprowin.com\/guide\/acces-direct-aux-clients-dun-article\/\">Conna\u00eetre les clients d&rsquo;un article<\/a><\/li>\n<li><a href=\"https:\/\/aide.myprowin.com\/guide\/statistiques-articles\/\">Statistiques d&rsquo;un article ou plusieurs articles<\/a><\/li>\n<\/ul>\n<h4>Articles favoris<\/h4>\n<ul style=\"list-style-type: circle;\">\n<li><a href=\"https:\/\/aide.myprowin.com\/guide\/definir-un-article-comme-favori\/\">D\u00e9finir un article comme favori<\/a><\/li>\n<li><a href=\"https:\/\/aide.myprowin.com\/guide\/determiner-automatiquement-les-favoris-et-notations\/\">D\u00e9terminer automatiquement les articles favoris et les notations<\/a><\/li>\n<li><a href=\"https:\/\/aide.myprowin.com\/guide\/utilisation-des-articles-favoris-dans-une-piece\/\">Utilisation des articles favoris dans une pi\u00e8ce<\/a><\/li>\n<\/ul>\n<h4>Paiements des commandes<\/h4>\n<ul style=\"list-style-type: circle;\">\n<li><a href=\"https:\/\/aide.myprowin.com\/guide\/enregistrement-automatique-du-reglement-dune-commande\/\">Enregistrement automatique du r\u00e8glement d&rsquo;une commande<\/a><\/li>\n<li><a href=\"https:\/\/aide.myprowin.com\/guide\/enregistrement-classique-du-reglement-dune-commande\/\">Enregistrement classique du r\u00e8glement d&rsquo;une commande<\/a><\/li>\n<li><a href=\"https:\/\/aide.myprowin.com\/guide\/modification-dun-reglement\/\">Modification d&rsquo;un r\u00e8glement<\/a><\/li>\n<li><a href=\"https:\/\/aide.myprowin.com\/guide\/suivi-des-commandes-impayees-et-payees\/\">Suivi des commandes impay\u00e9es et pay\u00e9es<\/a><\/li>\n<\/ul>\n<h4>Agenda<\/h4>\n<ul style=\"list-style-type: circle;\">\n<li><a href=\"https:\/\/aide.myprowin.com\/guide\/stopper-les-rappelsalertes\/\">Stopper les rappels\/alertes<\/a><\/li>\n<\/ul>\n<h4>Statistiques &#8211; Tableau de bord<\/h4>\n<ul style=\"list-style-type: circle;\">\n<li><a href=\"https:\/\/aide.myprowin.com\/guide\/tableau-de-bord-comparatif-des-commandes\/\">Tableau de bord &#8211; comparatif des commandes<\/a><\/li>\n<li><a href=\"https:\/\/aide.myprowin.com\/guide\/statistiques-de-base\/\">Statistiques de base<\/a><\/li>\n<li><a href=\"https:\/\/aide.myprowin.com\/guide\/statistiques-croisees-evolution-articlesclients\/\">Statistiques crois\u00e9es \u00e9volution articles\/clients<\/a><\/li>\n<li><a href=\"https:\/\/aide.myprowin.com\/guide\/statistiques-croisees-evolution-clientsarticles\/\">Statistiques crois\u00e9es \u00e9volution clients\/articles<\/a><\/li>\n<\/ul>\n<h4>Environnement<\/h4>\n<ul style=\"list-style-type: circle;\">\n<li><a href=\"https:\/\/aide.myprowin.com\/guide\/deverrouillage-dune-ligne\/\">D\u00e9verrouillage d&rsquo;une ligne<\/a><\/li>\n<li><a href=\"https:\/\/aide.myprowin.com\/guide\/duplication-dune-ligne\/\">Duplication d&rsquo;une ligne<\/a><\/li>\n<li><a href=\"https:\/\/aide.myprowin.com\/guide\/filtrer-les-lignes-affichees\/\">Filtrer les lignes affich\u00e9es<\/a><\/li>\n<li><a href=\"https:\/\/aide.myprowin.com\/guide\/impressions\/\">Impressions<\/a><\/li>\n<li><a href=\"https:\/\/aide.myprowin.com\/guide\/menu-contextuel-2\/\">Menu contextuel<\/a><\/li>\n<li><a href=\"https:\/\/aide.myprowin.com\/guide\/selection-de-lignes\/\">S\u00e9lection\/D\u00e9s\u00e9lection de lignes<\/a><\/li>\n<\/ul>\n","protected":false},"excerpt":{"rendered":"<p>Vid\u00e9os Application T\u00e9l\u00e9chargement et installation de l&rsquo;application Lancement de l&rsquo;application Mise \u00e0 jour Base de donn\u00e9es Sauvegarde des donn\u00e9es \u00e0 partir de Mes outils Sauvegarde des donn\u00e9es en quittant l&rsquo;application Optimisation de la base de donn\u00e9es Clients &#8211; contacts Cr\u00e9ation d&rsquo;un client \u00a0Ajout de donn\u00e9es compl\u00e9mentaires \u00e0 un contact \u00a0Cr\u00e9ation d&rsquo;un client lors de la &hellip; <a href=\"https:\/\/aide.myprowin.com\/guide\/formation\/\" class=\"more-link\">Continuer la lecture de <span class=\"screen-reader-text\">Formation<\/span>  <span class=\"meta-nav\">&rarr;<\/span><\/a><\/p>\n","protected":false},"author":1,"featured_media":0,"parent":0,"menu_order":0,"comment_status":"closed","ping_status":"closed","template":"","meta":{"footnotes":""},"class_list":["post-953","page","type-page","status-publish","hentry"],"_links":{"self":[{"href":"https:\/\/aide.myprowin.com\/guide\/wp-json\/wp\/v2\/pages\/953","targetHints":{"allow":["GET"]}}],"collection":[{"href":"https:\/\/aide.myprowin.com\/guide\/wp-json\/wp\/v2\/pages"}],"about":[{"href":"https:\/\/aide.myprowin.com\/guide\/wp-json\/wp\/v2\/types\/page"}],"author":[{"embeddable":true,"href":"https:\/\/aide.myprowin.com\/guide\/wp-json\/wp\/v2\/users\/1"}],"replies":[{"embeddable":true,"href":"https:\/\/aide.myprowin.com\/guide\/wp-json\/wp\/v2\/comments?post=953"}],"version-history":[{"count":63,"href":"https:\/\/aide.myprowin.com\/guide\/wp-json\/wp\/v2\/pages\/953\/revisions"}],"predecessor-version":[{"id":1369,"href":"https:\/\/aide.myprowin.com\/guide\/wp-json\/wp\/v2\/pages\/953\/revisions\/1369"}],"wp:attachment":[{"href":"https:\/\/aide.myprowin.com\/guide\/wp-json\/wp\/v2\/media?parent=953"}],"curies":[{"name":"wp","href":"https:\/\/api.w.org\/{rel}","templated":true}]}}